{"id":20,"date":"2025-07-07T10:19:21","date_gmt":"2025-07-07T10:19:21","guid":{"rendered":"https:\/\/xeghepthaiduong.website\/?page_id=20"},"modified":"2025-07-08T10:05:46","modified_gmt":"2025-07-08T03:05:46","slug":"trang-chu","status":"publish","type":"page","link":"https:\/\/xeghepthaiduong.website\/","title":{"rendered":"Trang ch\u1ee7"},"content":{"rendered":"\n\n\t<section class=\"section\" id=\"section_443896407\">\n\t\t<div class=\"section-bg fill\" >\n\t\t\t\t\t\t\t\t\t\n\t\t\t\n\n\t\t<\/div>\n\n\t\t\n\n\t\t<div class=\"section-content relative\">\n\t\t\t\n\n\t<div id=\"gap-1839108003\" class=\"gap-element clearfix\" style=\"display:block; height:auto;\">\n\t\t\n<style>\n#gap-1839108003 {\n  padding-top: 40px;\n}\n@media (min-width:550px) {\n  #gap-1839108003 {\n    padding-top: 80px;\n  }\n}\n<\/style>\n\t<\/div>\n\t\n\n\t<div id=\"text-438094333\" class=\"text\">\n\t\t\n\n<h2 style=\"text-align: center;\">G\u1eedi th\u00f4ng tin \u0111\u1ec3 \u0111\u1eb7t d\u1ecbch v\u1ee5<\/h2>\n\t\t\n<style>\n#text-438094333 {\n  font-size: 1.75rem;\n}\n<\/style>\n\t<\/div>\n\t\n\n<div class=\"wpcf7 no-js\" id=\"wpcf7-f7-o1\" lang=\"en-US\" dir=\"ltr\" data-wpcf7-id=\"7\">\n<div class=\"screen-reader-response\"><p role=\"status\" aria-live=\"polite\" aria-atomic=\"true\"><\/p> <ul><\/ul><\/div>\n<form action=\"\/index.php\/wp-json\/wp\/v2\/pages\/20#wpcf7-f7-o1\" method=\"post\" class=\"wpcf7-form init\" aria-label=\"Contact form\" novalidate=\"novalidate\" data-status=\"init\">\n<fieldset class=\"hidden-fields-container\"><input type=\"hidden\" name=\"_wpcf7\" value=\"7\" \/><input type=\"hidden\" name=\"_wpcf7_version\" value=\"6.1\" \/><input type=\"hidden\" name=\"_wpcf7_locale\" value=\"en_US\" \/><input type=\"hidden\" name=\"_wpcf7_unit_tag\" value=\"wpcf7-f7-o1\" \/><input type=\"hidden\" name=\"_wpcf7_container_post\" value=\"0\" \/><input type=\"hidden\" name=\"_wpcf7_posted_data_hash\" value=\"\" \/>\n<\/fieldset>\n<p><label> T\u00ean c\u1ee7a b\u1ea1n<br \/>\n<span class=\"wpcf7-form-control-wrap\" data-name=\"your-name\"><input size=\"40\" maxlength=\"400\" class=\"wpcf7-form-control wpcf7-text wpcf7-validates-as-required\" autocomplete=\"name\" aria-required=\"true\" aria-invalid=\"false\" value=\"\" type=\"text\" name=\"your-name\" \/><\/span> <\/label>\n<\/p>\n<p><label> S\u1ed1 \u0111i\u1ec7n tho\u1ea1i<br \/>\n<span class=\"wpcf7-form-control-wrap\" data-name=\"tel-780\"><input size=\"40\" maxlength=\"400\" class=\"wpcf7-form-control wpcf7-tel wpcf7-validates-as-required wpcf7-text wpcf7-validates-as-tel\" aria-required=\"true\" aria-invalid=\"false\" value=\"\" type=\"tel\" name=\"tel-780\" \/><\/span> <\/label>\n<\/p>\n<p><label> Email<br \/>\n<span class=\"wpcf7-form-control-wrap\" data-name=\"your-email\"><input size=\"40\" maxlength=\"400\" class=\"wpcf7-form-control wpcf7-email wpcf7-validates-as-required wpcf7-text wpcf7-validates-as-email\" autocomplete=\"email\" aria-required=\"true\" aria-invalid=\"false\" value=\"\" type=\"email\" name=\"your-email\" \/><\/span> <\/label>\n<\/p>\n<p><label> Ti\u00eau \u0111\u1ec1<br \/>\n<span class=\"wpcf7-form-control-wrap\" data-name=\"your-subject\"><input size=\"40\" maxlength=\"400\" class=\"wpcf7-form-control wpcf7-text wpcf7-validates-as-required\" aria-required=\"true\" aria-invalid=\"false\" value=\"\" type=\"text\" name=\"your-subject\" \/><\/span> <\/label>\n<\/p>\n<p><label> Ch\u1ecdn d\u1ecbch v\u1ee5<br \/>\n<span class=\"wpcf7-form-control-wrap\" data-name=\"checkbox-866\"><span class=\"wpcf7-form-control wpcf7-checkbox wpcf7-validates-as-required\"><span class=\"wpcf7-list-item first\"><label><span class=\"wpcf7-list-item-label\">\u0110\u1eb7t xe gh\u00e9p<\/span><input type=\"checkbox\" name=\"checkbox-866[]\" value=\"\u0110\u1eb7t xe gh\u00e9p\" \/><\/label><\/span><span class=\"wpcf7-list-item\"><label><span class=\"wpcf7-list-item-label\">Bao xe<\/span><input type=\"checkbox\" name=\"checkbox-866[]\" value=\"Bao xe\" \/><\/label><\/span><span class=\"wpcf7-list-item last\"><label><span class=\"wpcf7-list-item-label\">G\u1eedi h\u00e0ng<\/span><input type=\"checkbox\" name=\"checkbox-866[]\" value=\"G\u1eedi h\u00e0ng\" \/><\/label><\/span><\/span><\/span> <\/label>\n<\/p>\n<p><label> \u0110i t\u1eeb t\u1ec9nh<br \/>\n<span class=\"wpcf7-form-control-wrap\" data-name=\"select-748\"><select class=\"wpcf7-form-control wpcf7-select wpcf7-validates-as-required\" aria-required=\"true\" aria-invalid=\"false\" name=\"select-748\"><option value=\"H\u00e0 N\u1ed9i\">H\u00e0 N\u1ed9i<\/option><option value=\"H\u01b0ng Y\u00ean\">H\u01b0ng Y\u00ean<\/option><option value=\"H\u1ea3i Ph\u00f2ng\">H\u1ea3i Ph\u00f2ng<\/option><option value=\"Qu\u1ea3ng Ninh\">Qu\u1ea3ng Ninh<\/option><option value=\"Ninh B\u00ecnh\">Ninh B\u00ecnh<\/option><option value=\"B\u1eafc Ninh\">B\u1eafc Ninh<\/option><option value=\"L\u00e0o Cai\">L\u00e0o Cai<\/option><option value=\"S\u01a1n La\">S\u01a1n La<\/option><option value=\"Thanh H\u00f3a\">Thanh H\u00f3a<\/option><\/select><\/span> <\/label>\n<\/p>\n<p><label> \u0110i \u0111\u1ebfn t\u1ec9nh<br \/>\n<span class=\"wpcf7-form-control-wrap\" data-name=\"select-341\"><select class=\"wpcf7-form-control wpcf7-select wpcf7-validates-as-required\" aria-required=\"true\" aria-invalid=\"false\" name=\"select-341\"><option value=\"H\u00e0 N\u1ed9i\">H\u00e0 N\u1ed9i<\/option><option value=\"H\u01b0ng Y\u00ean\">H\u01b0ng Y\u00ean<\/option><option value=\"H\u1ea3i Ph\u00f2ng\">H\u1ea3i Ph\u00f2ng<\/option><option value=\"Qu\u1ea3ng Ninh\">Qu\u1ea3ng Ninh<\/option><option value=\"Ninh B\u00ecnh\">Ninh B\u00ecnh<\/option><option value=\"Thanh H\u00f3a\">Thanh H\u00f3a<\/option><option value=\"B\u1eafc Ninh\">B\u1eafc Ninh<\/option><option value=\"S\u01a1n La\">S\u01a1n La<\/option><option value=\"L\u00e0o Cai\">L\u00e0o Cai<\/option><\/select><\/span> <\/label>\n<\/p>\n<p><input class=\"wpcf7-form-control wpcf7-submit has-spinner\" type=\"submit\" value=\"G\u1eedi th\u00f4ng tin\" \/>\n<\/p><div class=\"wpcf7-response-output\" aria-hidden=\"true\"><\/div>\n<\/form>\n<\/div>\n\n\n\n\t\t<\/div>\n\n\t\t\n<style>\n#section_443896407 {\n  padding-top: 30px;\n  padding-bottom: 30px;\n}\n<\/style>\n\t<\/section>\n\t\n\n\t<section class=\"section\" id=\"section_1054395129\">\n\t\t<div class=\"section-bg fill\" >\n\t\t\t\t\t\t\t\t\t\n\t\t\t\n\n\t\t<\/div>\n\n\t\t\n\n\t\t<div class=\"section-content relative\">\n\t\t\t\n\n<div class=\"row row-large align-middle\" style=\"max-width:1300px\" id=\"row-1779325070\">\n\n\n\t<div id=\"col-1574693531\" class=\"col medium-12 small-12 large-7\"  >\n\t\t\t\t<div class=\"col-inner\"  >\n\t\t\t\n\t\t\t\n\n<div class=\"slider-wrapper relative\" id=\"slider-1221619658\" >\n    <div class=\"slider slider-nav-simple slider-nav-normal slider-nav-light slider-style-normal slider-show-nav\"\n        data-flickity-options='{\n            \"cellAlign\": \"center\",\n            \"imagesLoaded\": true,\n            \"lazyLoad\": 1,\n            \"freeScroll\": false,\n            \"wrapAround\": true,\n            \"autoPlay\": 4000,\n            \"pauseAutoPlayOnHover\" : false,\n            \"prevNextButtons\": true,\n            \"contain\" : true,\n            \"adaptiveHeight\" : true,\n            \"dragThreshold\" : 10,\n            \"percentPosition\": true,\n            \"pageDots\": false,\n            \"rightToLeft\": false,\n            \"draggable\": true,\n            \"selectedAttraction\": 0.1,\n            \"parallax\" : 0,\n            \"friction\": 0.6        }'\n        >\n        \n\n\n  <div class=\"banner has-hover\" id=\"banner-558853595\">\n          <div class=\"banner-inner fill\">\n        <div class=\"banner-bg fill\" >\n            <img loading=\"lazy\" decoding=\"async\" width=\"1020\" height=\"680\" src=\"https:\/\/xeghepthaiduong.website\/wp-content\/uploads\/2025\/07\/brooke-cagle-uHVRvDr7pg-unsplash-1024x683.jpg\" class=\"bg attachment-large size-large\" alt=\"\" \/>                                    \n                    <\/div>\n\t\t\n        <div class=\"banner-layers container\">\n            <div class=\"fill banner-link\"><\/div>            \n\n   <div id=\"text-box-1405032023\" class=\"text-box banner-layer x50 md-x50 lg-x50 y50 md-y50 lg-y50 res-text\">\n                                <div class=\"text-box-content text dark\">\n              \n              <div class=\"text-inner text-center\">\n                  \n\n\n              <\/div>\n           <\/div>\n                            \n<style>\n#text-box-1405032023 {\n  width: 60%;\n}\n#text-box-1405032023 .text-box-content {\n  font-size: 100%;\n}\n@media (min-width:550px) {\n  #text-box-1405032023 {\n    width: 60%;\n  }\n}\n<\/style>\n    <\/div>\n \n\n        <\/div>\n      <\/div>\n\n            \n<style>\n#banner-558853595 {\n  padding-top: 300px;\n  background-color: rgb(255, 255, 255);\n}\n@media (min-width:550px) {\n  #banner-558853595 {\n    padding-top: 500px;\n  }\n}\n<\/style>\n  <\/div>\n\n\n\n  <div class=\"banner has-hover\" id=\"banner-1890861419\">\n          <div class=\"banner-inner fill\">\n        <div class=\"banner-bg fill\" >\n            <img loading=\"lazy\" decoding=\"async\" width=\"1020\" height=\"678\" src=\"https:\/\/xeghepthaiduong.website\/wp-content\/uploads\/2025\/07\/maranda-vandergriff-7aakZdIl4vg-unsplash-1-1024x681.jpg\" class=\"bg attachment-large size-large\" alt=\"\" \/>                                    \n                    <\/div>\n\t\t\n        <div class=\"banner-layers container\">\n            <div class=\"fill banner-link\"><\/div>            \n\n   <div id=\"text-box-945291553\" class=\"text-box banner-layer x50 md-x50 lg-x50 y50 md-y50 lg-y50 res-text\">\n                                <div class=\"text-box-content text dark\">\n              \n              <div class=\"text-inner text-center\">\n                  \n\n\n              <\/div>\n           <\/div>\n                            \n<style>\n#text-box-945291553 {\n  width: 60%;\n}\n#text-box-945291553 .text-box-content {\n  font-size: 100%;\n}\n@media (min-width:550px) {\n  #text-box-945291553 {\n    width: 60%;\n  }\n}\n<\/style>\n    <\/div>\n \n\n        <\/div>\n      <\/div>\n\n            \n<style>\n#banner-1890861419 {\n  padding-top: 300px;\n  background-color: rgb(255, 255, 255);\n}\n@media (min-width:550px) {\n  #banner-1890861419 {\n    padding-top: 500px;\n  }\n}\n<\/style>\n  <\/div>\n\n\n\n  <div class=\"banner has-hover\" id=\"banner-408157669\">\n          <div class=\"banner-inner fill\">\n        <div class=\"banner-bg fill\" >\n            <img loading=\"lazy\" decoding=\"async\" width=\"1020\" height=\"765\" src=\"https:\/\/xeghepthaiduong.website\/wp-content\/uploads\/2025\/07\/erin-doering-kFoh7gacj_0-unsplash-1024x768.jpg\" class=\"bg attachment-large size-large\" alt=\"\" \/>                                    \n                    <\/div>\n\t\t\n        <div class=\"banner-layers container\">\n            <div class=\"fill banner-link\"><\/div>            \n\n   <div id=\"text-box-445466825\" class=\"text-box banner-layer x50 md-x50 lg-x50 y50 md-y50 lg-y50 res-text\">\n                                <div class=\"text-box-content text dark\">\n              \n              <div class=\"text-inner text-center\">\n                  \n\n\n              <\/div>\n           <\/div>\n                            \n<style>\n#text-box-445466825 {\n  width: 60%;\n}\n#text-box-445466825 .text-box-content {\n  font-size: 100%;\n}\n@media (min-width:550px) {\n  #text-box-445466825 {\n    width: 60%;\n  }\n}\n<\/style>\n    <\/div>\n \n\n        <\/div>\n      <\/div>\n\n            \n<style>\n#banner-408157669 {\n  padding-top: 300px;\n  background-color: rgb(255, 255, 255);\n}\n@media (min-width:550px) {\n  #banner-408157669 {\n    padding-top: 500px;\n  }\n}\n<\/style>\n  <\/div>\n\n\n\n     <\/div>\n\n     <div class=\"loading-spin dark large centered\"><\/div>\n\n\t<\/div>\n\n\n\n\t\t<\/div>\n\t\t\t\t\t<\/div>\n\n\t\n\n\t<div id=\"col-1257303638\" class=\"col medium-10 small-12 large-5\"  >\n\t\t\t\t<div class=\"col-inner\"  >\n\t\t\t\n\t\t\t\n\n\t<div id=\"gap-110692136\" class=\"gap-element clearfix\" style=\"display:block; height:auto;\">\n\t\t\n<style>\n#gap-110692136 {\n  padding-top: 30px;\n}\n<\/style>\n\t<\/div>\n\t\n\n\t<div id=\"text-1437434196\" class=\"text\">\n\t\t\n\n<h2>V\u1ec1 ch\u00fang t\u00f4i<\/h2>\n\t\t\n<style>\n#text-1437434196 {\n  font-size: 1.75rem;\n}\n<\/style>\n\t<\/div>\n\t\n<div class=\"is-divider divider clearfix\" style=\"max-width:100px;height:4px;background-color:rgb(111, 166, 212);\"><\/div>\n\n<p>\u0110\u01b0\u1ee3c th\u00e0nh l\u1eadp b\u1edfi \u0111\u1ed9i ng\u0169 gi\u00e0u kinh nghi\u1ec7m trong l\u0129nh v\u1ef1c Logistics, \u0111\u01b0\u1ee3c \u0111\u1ea7u t\u01b0 c\u01a1 s\u1edf v\u1eadt ch\u1ea5t b\u00e0i b\u1ea3n c\u00f9ng v\u1edbi vi\u1ec7c \u00e1p d\u1ee5ng c\u00f4ng ngh\u1ec7 hi\u1ec7n \u0111\u1ea1i gi\u00fap cho d\u1ecbch v\u1ee5 c\u1ee7a ch\u00fang t\u00f4i lu\u00f4n \u0111\u1ea1t ch\u1ea5t l\u01b0\u1ee3ng t\u1ed1t nh\u1ea5t.<\/p>\n<div class=\"row\">\n<div class=\"col-md-6\">\n<div class=\"sigma_info style-15\">\n<h3 class=\"sigma_info-title\"><span style=\"font-size: 100%; color: #ed1c24;\"><strong><span class=\"sigma_info-icon bg-primary-1 text-white\">1. <\/span>Ch\u1ea5t l\u01b0\u1ee3ng \u1ed5n \u0111\u1ecbnh<\/strong><\/span><\/h3>\n<div class=\"sigma_info-description\">\n<p>C\u01a1 s\u1edf v\u1eadt ch\u1ea5t hi\u1ec7n \u0111\u1ea1i, quy tr\u00ecnh chuy\u00ean nghi\u1ec7p t\u1ea1o n\u00ean ch\u1ea5t l\u01b0\u1ee3ng d\u1ecbch v\u1ee5 \u1ed5n \u0111\u1ecbnh xuy\u00ean su\u1ed1t.<\/p>\n<\/div>\n<\/div>\n<\/div>\n<div class=\"col-md-6\">\n<div class=\"sigma_info style-15\">\n<h3 class=\"sigma_info-title\"><span style=\"font-size: 100%; color: #ed1c24;\"><strong><span class=\"sigma_info-icon bg-primary-1 text-white\">2. <\/span>\u0110\u1ed9i ng\u0169 gi\u00e0u kinh nghi\u1ec7m<\/strong><\/span><\/h3>\n<div class=\"sigma_info-description\">\n<p>S\u1edf h\u1eefu \u0111\u1ed9i ng\u0169 h\u01a1n 30 nh\u00e2n s\u1ef1 gi\u00e0u kinh nghi\u1ec7m v\u00e0 lu\u00f4n \u0111\u01b0\u1ee3c \u0111\u00e0o t\u1ea1o n\u00e2ng cao k\u1ef9 n\u0103ng.<\/p>\n<\/div>\n<\/div>\n<\/div>\n<div class=\"col-md-6\">\n<div class=\"sigma_info style-15\">\n<h3 class=\"sigma_info-title\"><span style=\"font-size: 100%; color: #ed1c24;\"><strong><span class=\"sigma_info-icon bg-primary-1 text-white\">3. <\/span>Lu\u00f4n lu\u00f4n c\u1ea3i ti\u1ebfn<\/strong><\/span><\/h3>\n<div class=\"sigma_info-description\">\n<p>Ch\u00fang t\u00f4i lu\u00f4n l\u1eafng nghe \u00fd ki\u1ebfn ph\u1ea3n h\u1ed3i t\u1eeb kh\u00e1ch h\u00e0ng v\u00e0 t\u00ecm c\u00e1ch c\u1ea3i ti\u1ebfn \u0111\u1ec3 d\u1ecbch v\u1ee5 ng\u00e0y c\u00e0ng t\u1ed1t h\u01a1n.<\/p>\n<\/div>\n<\/div>\n<\/div>\n<div class=\"col-md-6\">\n<div class=\"sigma_info style-15\">\n<h3 class=\"sigma_info-title\"><span style=\"font-size: 100%; color: #ed1c24;\"><strong><span class=\"sigma_info-icon bg-primary-1 text-white\">4. <\/span>T\u1ed1i \u01b0u chi ph\u00ed<\/strong><\/span><\/h3>\n<div class=\"sigma_info-description\">\n<p>Lu\u00f4n \u0111\u1ed3ng h\u00e0nh \u0111\u1ec3 t\u1ed1i \u01b0u v\u00e0 gi\u1ea3m \u00e1p l\u1ef1c chi ph\u00ed cho kh\u00e1ch h\u00e0ng<\/p>\n<\/div>\n<\/div>\n<\/div>\n<\/div>\n<a class=\"button primary\"  style=\"border-radius:10px;padding:5px 30px 5px 30px;\">\n\t\t<span>Li\u00ean h\u1ec7 \u0111\u1ec3 \u0111\u1eb7t xe<\/span>\n\t<\/a>\n\n\n\n\t\t<\/div>\n\t\t\t\t\n<style>\n#col-1257303638 > .col-inner {\n  padding: 0px 0px 0px 0;\n}\n@media (min-width:550px) {\n  #col-1257303638 > .col-inner {\n    padding: 0px 0px 0px 30px;\n  }\n}\n<\/style>\n\t<\/div>\n\n\t\n\n<\/div>\n\t<div id=\"gap-155679490\" class=\"gap-element clearfix\" style=\"display:block; height:auto;\">\n\t\t\n<style>\n#gap-155679490 {\n  padding-top: 40px;\n}\n@media (min-width:550px) {\n  #gap-155679490 {\n    padding-top: 80px;\n  }\n}\n<\/style>\n\t<\/div>\n\t\n\n<div class=\"row row-solid\" style=\"max-width:1300px\" id=\"row-1646312948\">\n\n\n\t<div id=\"col-334172293\" class=\"col medium-6 small-12 large-3\"  >\n\t\t\t\t<div class=\"col-inner\"  >\n\t\t\t\n\t\t\t\n\n\t<div id=\"text-1641328919\" class=\"text\">\n\t\t\n\n<h2><span class=\"count-up\">20<\/span><\/h2>\n\t\t\n<style>\n#text-1641328919 {\n  font-size: 2.5rem;\n  text-align: center;\n}\n<\/style>\n\t<\/div>\n\t\n\t<div id=\"text-1069853562\" class=\"text\">\n\t\t\n\n<p>Xe limousine 16 ch\u1ed7 ch\u1ea1y li\u00ean t\u1ec9nh<\/p>\n\t\t\n<style>\n#text-1069853562 {\n  text-align: center;\n}\n<\/style>\n\t<\/div>\n\t\n\n\t\t<\/div>\n\t\t\t\t\t<\/div>\n\n\t\n\n\t<div id=\"col-703978173\" class=\"col medium-6 small-12 large-3\"  >\n\t\t\t\t<div class=\"col-inner\"  >\n\t\t\t\n\t\t\t\n\n\t<div id=\"text-256415475\" class=\"text\">\n\t\t\n\n<h2><span class=\"count-up\">8<\/span><\/h2>\n\t\t\n<style>\n#text-256415475 {\n  font-size: 2.5rem;\n  text-align: center;\n}\n<\/style>\n\t<\/div>\n\t\n\t<div id=\"text-3708635935\" class=\"text\">\n\t\t\n\n<p>L\u01b0\u1ee3t \u0111\u00f3n tr\u1ea3 trong ng\u00e0y<\/p>\n\t\t\n<style>\n#text-3708635935 {\n  text-align: center;\n}\n<\/style>\n\t<\/div>\n\t\n\n\t\t<\/div>\n\t\t\t\t\t<\/div>\n\n\t\n\n\t<div id=\"col-543983456\" class=\"col medium-6 small-12 large-3\"  >\n\t\t\t\t<div class=\"col-inner\"  >\n\t\t\t\n\t\t\t\n\n\t<div id=\"text-217772038\" class=\"text\">\n\t\t\n\n<h2><span class=\"count-up\">3<\/span><\/h2>\n\t\t\n<style>\n#text-217772038 {\n  font-size: 2.5rem;\n  text-align: center;\n}\n<\/style>\n\t<\/div>\n\t\n\t<div id=\"text-4124373505\" class=\"text\">\n\t\t\n\n<p>Th\u1eddi gian \u0111\u00f3n tr\u1ea3 t\u1ed1i \u0111a cho 1 l\u01b0\u1ee3t \u0111\u00f3n tr\u1ea3 d\u01b0\u1edbi 3h<\/p>\n\t\t\n<style>\n#text-4124373505 {\n  text-align: center;\n}\n<\/style>\n\t<\/div>\n\t\n\n\t\t<\/div>\n\t\t\t\t\t<\/div>\n\n\t\n\n\t<div id=\"col-1813163086\" class=\"col medium-6 small-12 large-3\"  >\n\t\t\t\t<div class=\"col-inner\"  >\n\t\t\t\n\t\t\t\n\n\t<div id=\"text-776347334\" class=\"text\">\n\t\t\n\n<h2><span class=\"count-up\">10<\/span><\/h2>\n\t\t\n<style>\n#text-776347334 {\n  font-size: 2.5rem;\n  text-align: center;\n}\n<\/style>\n\t<\/div>\n\t\n\t<div id=\"text-3606894433\" class=\"text\">\n\t\t\n\n<p>T\u1ec9nh th\u00e0nh \u0111ang ho\u1ea1t \u0111\u1ed9ng<\/p>\n\t\t\n<style>\n#text-3606894433 {\n  text-align: center;\n}\n<\/style>\n\t<\/div>\n\t\n\n\t\t<\/div>\n\t\t\t\t\t<\/div>\n\n\t\n\n<\/div>\n\n\t\t<\/div>\n\n\t\t\n<style>\n#section_1054395129 {\n  padding-top: 50px;\n  padding-bottom: 50px;\n}\n@media (min-width:550px) {\n  #section_1054395129 {\n    padding-top: 50px;\n    padding-bottom: 50px;\n  }\n}\n<\/style>\n\t<\/section>\n\t\n\n\t<section class=\"section\" id=\"section_1532320071\">\n\t\t<div class=\"section-bg fill\" >\n\t\t\t\t\t\t\t\t\t\n\t\t\t\n\n\t\t<\/div>\n\n\t\t\n\n\t\t<div class=\"section-content relative\">\n\t\t\t\n\n<div class=\"row align-center\" style=\"max-width:1300px\" id=\"row-1216929170\">\n\n\n\t<div id=\"col-1066860591\" class=\"col medium-8 small-12 large-6\"  >\n\t\t\t\t<div class=\"col-inner\"  >\n\t\t\t\n\t\t\t\n\n\t<div id=\"gap-16447701\" class=\"gap-element clearfix\" style=\"display:block; height:auto;\">\n\t\t\n<style>\n#gap-16447701 {\n  padding-top: 55px;\n}\n@media (min-width:550px) {\n  #gap-16447701 {\n    padding-top: 100px;\n  }\n}\n<\/style>\n\t<\/div>\n\t\n\n\t<div id=\"text-1536377717\" class=\"text\">\n\t\t\n\n<h2>Quy tr\u00ecnh \u0111\u00f3n tr\u1ea3 kh\u00e1ch<\/h2>\n\t\t\n<style>\n#text-1536377717 {\n  font-size: 1.75rem;\n  text-align: center;\n}\n<\/style>\n\t<\/div>\n\t\n<div class=\"text-center\"><div class=\"is-divider divider clearfix\" style=\"max-width:100px;height:4px;background-color:rgb(111, 166, 212);\"><\/div><\/div>\n\n\t<div id=\"text-3175226210\" class=\"text\">\n\t\t\n\n<h3 class=\"title text-white\"><strong>C\u00e1c b\u01b0\u1edbc \u0111\u00f3n tr\u1ea3 kh\u00e1ch<\/strong><\/h3>\n<p class=\"text-white\">Quy tr\u00ecnh\u0111\u00f3n tr\u1ea3 kh\u00e1ch \u0111\u01a1n gi\u1ea3n gi\u00fap b\u1ea1n thu\u1eadn ti\u1ec7n v\u00e0 d\u1ec5 d\u00e0ng qu\u1ea3n l\u00fd. H\u1ec7 th\u1ed1ng qu\u1ea3n l\u00fd \u0111\u01a1n h\u00e0ng gi\u00fap b\u1ea1n ch\u1ee7 \u0111\u1ed9ng l\u00ean \u0111\u01a1n, theo d\u00f5i c\u01b0\u1edbc ph\u00ed v\u00e0 h\u00e0nh tr\u00ecnh xe \u0111ang ch\u1ea1y.<\/p>\n\t\t\n<style>\n#text-3175226210 {\n  text-align: center;\n}\n<\/style>\n\t<\/div>\n\t\n\t<div id=\"gap-752702372\" class=\"gap-element clearfix\" style=\"display:block; height:auto;\">\n\t\t\n<style>\n#gap-752702372 {\n  padding-top: 40px;\n}\n@media (min-width:550px) {\n  #gap-752702372 {\n    padding-top: 150px;\n  }\n}\n@media (min-width:850px) {\n  #gap-752702372 {\n    padding-top: 101px;\n  }\n}\n<\/style>\n\t<\/div>\n\t\n\n\n\t\t<\/div>\n\t\t\t\t\t<\/div>\n\n\t\n\n<\/div>\n<div class=\"row\" style=\"max-width:1300px\" id=\"row-51842697\">\n\n\n\t<div id=\"col-1585381981\" class=\"col small-12 large-12\"  >\n\t\t\t\t<div class=\"col-inner\"  >\n\t\t\t\n\t\t\t\n\n\n  <div class=\"banner has-hover\" id=\"banner-780845332\">\n          <div class=\"banner-inner fill\">\n        <div class=\"banner-bg fill\" >\n                                                \n                    <\/div>\n\t\t\n        <div class=\"banner-layers container\">\n            <div class=\"fill banner-link\"><\/div>            \n\n   <div id=\"text-box-290680474\" class=\"text-box banner-layer x50 md-x50 lg-x50 y50 md-y50 lg-y50 res-text\">\n                                <div class=\"text-box-content text dark\">\n              \n              <div class=\"text-inner text-center\">\n                  \n\n\n              <\/div>\n           <\/div>\n                            \n<style>\n#text-box-290680474 {\n  width: 60%;\n}\n#text-box-290680474 .text-box-content {\n  font-size: 100%;\n}\n@media (min-width:550px) {\n  #text-box-290680474 {\n    width: 60%;\n  }\n}\n<\/style>\n    <\/div>\n \n\n        <\/div>\n      <\/div>\n\n            \n<style>\n#banner-780845332 {\n  padding-top: 55%;\n  background-color: rgb(232, 232, 232);\n}\n@media (min-width:550px) {\n  #banner-780845332 {\n    padding-top: 350px;\n  }\n}\n@media (min-width:850px) {\n  #banner-780845332 {\n    padding-top: 550px;\n  }\n}\n<\/style>\n  <\/div>\n\n\n\n\t\t<\/div>\n\t\t\t\t\t<\/div>\n\n\t\n\n<\/div>\n<div class=\"row align-center\" style=\"max-width:1300px\" id=\"row-662424606\">\n\n\n\t<div id=\"col-934652506\" class=\"col medium-11 small-11 large-9\"  >\n\t\t\t\t<div class=\"col-inner\"  >\n\t\t\t\n\t\t\t\n\n<div class=\"video video-fit mb\" style=\"padding-top:56.25%;\"><iframe loading=\"lazy\" title=\"EF Global Careers - Finance &amp; Business Intelligence\" src=\"https:\/\/player.vimeo.com\/video\/99818314?dnt=1&amp;app_id=122963\" width=\"1020\" height=\"574\" frameborder=\"0\" allow=\"autoplay; fullscreen; picture-in-picture; clipboard-write; encrypted-media; web-share\"><\/iframe><\/div>\n\n\n\t\t<\/div>\n\t\t\t\t\n<style>\n#col-934652506 > .col-inner {\n  margin: -270px 0px 0px 0px;\n}\n@media (min-width:550px) {\n  #col-934652506 > .col-inner {\n    margin: -550px 0px 0px 0px;\n  }\n}\n@media (min-width:850px) {\n  #col-934652506 > .col-inner {\n    margin: -690px 0px 0px 0px;\n  }\n}\n<\/style>\n\t<\/div>\n\n\t\n\n<\/div>\n\n\t\t<\/div>\n\n\t\t\n<style>\n#section_1532320071 {\n  padding-top: 0px;\n  padding-bottom: 0px;\n  background-color: rgb(200, 231, 247);\n}\n<\/style>\n\t<\/section>\n\t\n\n\t<section class=\"section dark\" id=\"section_961479199\">\n\t\t<div class=\"section-bg fill\" >\n\t\t\t\t\t\t\t\t\t\n\t\t\t\n\n\t\t<\/div>\n\n\t\t\n\n\t\t<div class=\"section-content relative\">\n\t\t\t\n\n<div class=\"row align-center\" style=\"max-width:1300px\" id=\"row-1389189889\">\n\n\n\t<div id=\"col-1157948969\" class=\"col medium-8 small-12 large-8\"  >\n\t\t\t\t<div class=\"col-inner text-center\"  >\n\t\t\t\n\t\t\t\n\n\t<div id=\"gap-2049443794\" class=\"gap-element clearfix\" style=\"display:block; height:auto;\">\n\t\t\n<style>\n#gap-2049443794 {\n  padding-top: 50px;\n}\n@media (min-width:550px) {\n  #gap-2049443794 {\n    padding-top: 100px;\n  }\n}\n<\/style>\n\t<\/div>\n\t\n\n\t<div id=\"text-2337278235\" class=\"text\">\n\t\t\n\n<h2>H\u00e3y li\u00ean h\u1ec7 v\u1edbi Xe gh\u00e9p Th\u00e1i D\u01b0\u01a1ng .website \u0111\u1ec3 nh\u1eadn \u0111\u01b0\u1ee3c gi\u00e1 \u01b0u \u0111\u00e3i<\/h2>\n\t\t\n<style>\n#text-2337278235 {\n  font-size: 1.75rem;\n  line-height: 2;\n  text-align: center;\n  color: rgb(19, 94, 150);\n}\n#text-2337278235 > * {\n  color: rgb(19, 94, 150);\n}\n<\/style>\n\t<\/div>\n\t\n<div class=\"text-center\"><div class=\"is-divider divider clearfix\" style=\"max-width:100px;height:4px;background-color:rgb(147, 199, 229);\"><\/div><\/div>\n\n\t<div id=\"text-1332591355\" class=\"text\">\n\t\t\n\n<p>Donec pede justo, fringilla vel aliquetollis.Nullam dictum felis eu pede mollis pretium. Integer tincidunt. Cras dapibus. <\/p>\n\t\t\n<style>\n#text-1332591355 {\n  text-align: center;\n  color: rgb(19, 94, 150);\n}\n#text-1332591355 > * {\n  color: rgb(19, 94, 150);\n}\n<\/style>\n\t<\/div>\n\t\n<a href=\"tel:0888262868\" class=\"button white\"  style=\"border-radius:10px;padding:5px 30px 5px 30px;\">\n\t\t<span>Li\u00ean h\u1ec7 ch\u00fang t\u00f4i ngay<\/span>\n\t<\/a>\n\n\n\t<div id=\"gap-884680741\" class=\"gap-element clearfix\" style=\"display:block; height:auto;\">\n\t\t\n<style>\n#gap-884680741 {\n  padding-top: 5px;\n}\n@media (min-width:550px) {\n  #gap-884680741 {\n    padding-top: 30px;\n  }\n}\n<\/style>\n\t<\/div>\n\t\n\n\n\t\t<\/div>\n\t\t\t\t\t<\/div>\n\n\t\n\n<\/div>\n\n\t\t<\/div>\n\n\t\t\n<style>\n#section_961479199 {\n  padding-top: 40px;\n  padding-bottom: 40px;\n  background-color: rgb(255, 255, 255);\n}\n<\/style>\n\t<\/section>\n\t\n\n","protected":false},"excerpt":{"rendered":"","protected":false},"author":1,"featured_media":0,"parent":0,"menu_order":0,"comment_status":"closed","ping_status":"closed","template":"","meta":{"footnotes":""},"class_list":["post-20","page","type-page","status-publish","hentry"],"_links":{"self":[{"href":"https:\/\/xeghepthaiduong.website\/index.php\/wp-json\/wp\/v2\/pages\/20","targetHints":{"allow":["GET"]}}],"collection":[{"href":"https:\/\/xeghepthaiduong.website\/index.php\/wp-json\/wp\/v2\/pages"}],"about":[{"href":"https:\/\/xeghepthaiduong.website\/index.php\/wp-json\/wp\/v2\/types\/page"}],"author":[{"embeddable":true,"href":"https:\/\/xeghepthaiduong.website\/index.php\/wp-json\/wp\/v2\/users\/1"}],"replies":[{"embeddable":true,"href":"https:\/\/xeghepthaiduong.website\/index.php\/wp-json\/wp\/v2\/comments?post=20"}],"version-history":[{"count":21,"href":"https:\/\/xeghepthaiduong.website\/index.php\/wp-json\/wp\/v2\/pages\/20\/revisions"}],"predecessor-version":[{"id":131,"href":"https:\/\/xeghepthaiduong.website\/index.php\/wp-json\/wp\/v2\/pages\/20\/revisions\/131"}],"wp:attachment":[{"href":"https:\/\/xeghepthaiduong.website\/index.php\/wp-json\/wp\/v2\/media?parent=20"}],"curies":[{"name":"wp","href":"https:\/\/api.w.org\/{rel}","templated":true}]}}